{"id":37716,"date":"2026-02-16T00:13:26","date_gmt":"2026-02-16T06:13:26","guid":{"rendered":"https:\/\/julylovekits.com\/product\/kpop-demon-hunters-canva-cake-topper-bundle-12\/"},"modified":"2026-02-16T00:13:26","modified_gmt":"2026-02-16T06:13:26","slug":"kpop-demon-hunters-canva-cake-topper-bundle-12","status":"publish","type":"product","link":"https:\/\/julylovekits.com\/en\/product\/kpop-demon-hunters-canva-cake-topper-bundle-12\/","title":{"rendered":"Kpop Demon Hunters CANVA Cake Topper Bundle 12"},"content":{"rendered":"<h2>Transform your cakes into K-pop masterpieces.<\/h2>\n<p>This magical digital bundle includes 12 stunning cake decoration designs inspired by the electrifying Huntrix theme from K-pop group Demon Hunters. With high resolution and impeccable aesthetics, your cakes will never be boring again. <\/p>\n<h2>Fully customizable and easy to use<\/h2>\n<p>Do you have your own vision? No problem. The files come with a customizable template on Canva, delivered as a PDF for immediate download. Change the text, colors, or details however you like, and get ready to impress.   <\/p>\n<h2>Ready for any type of printing<\/h2>\n<p>Desde hojas de glaseado comestible hasta cartulina resistente de 110-130 lb, estos dise\u00f1os est\u00e1n listos para saltar directo a la acci\u00f3n. Dales vida con impresiones vibrantes y convierte tus celebraciones en una experiencia dulce con toques de caza demon\u00edaca al estilo Kpop. <\/p>\n","protected":false},"excerpt":{"rendered":"<p>Transform your cakes into K-pop masterpieces. This magical digital bundle includes 12 stunning cake decoration designs inspired by the electrifying Huntrix theme from K-pop group Demon Hunters. With high resolution and impeccable aesthetics, your cakes will never be boring again. Fully customizable and easy to use Do you have your own vision? No problem. The [&#8230;]\n","protected":false},"featured_media":35095,"comment_status":"open","ping_status":"closed","template":"","meta":[],"product_brand":[],"product_cat":[279],"product_tag":[318,319,317,320],"class_list":{"0":"post-37716","1":"product","2":"type-product","3":"status-publish","4":"has-post-thumbnail","6":"product_cat-canva-templates","7":"product_tag-bundle","8":"product_tag-canva","9":"product_tag-kit","10":"product_tag-tags","12":"first","13":"instock","14":"downloadable","15":"virtual","16":"purchasable","17":"product-type-simple"},"gallery_images":[35822,34933,34930,34931,34932,34934,34936,34937],"_links":{"self":[{"href":"https:\/\/julylovekits.com\/en\/wp-json\/wp\/v2\/product\/37716","targetHints":{"allow":["GET"]}}],"collection":[{"href":"https:\/\/julylovekits.com\/en\/wp-json\/wp\/v2\/product"}],"about":[{"href":"https:\/\/julylovekits.com\/en\/wp-json\/wp\/v2\/types\/product"}],"replies":[{"embeddable":true,"href":"https:\/\/julylovekits.com\/en\/wp-json\/wp\/v2\/comments?post=37716"}],"wp:featuredmedia":[{"embeddable":true,"href":"https:\/\/julylovekits.com\/en\/wp-json\/wp\/v2\/media\/35095"}],"wp:attachment":[{"href":"https:\/\/julylovekits.com\/en\/wp-json\/wp\/v2\/media?parent=37716"}],"wp:term":[{"taxonomy":"product_brand","embeddable":true,"href":"https:\/\/julylovekits.com\/en\/wp-json\/wp\/v2\/product_brand?post=37716"},{"taxonomy":"product_cat","embeddable":true,"href":"https:\/\/julylovekits.com\/en\/wp-json\/wp\/v2\/product_cat?post=37716"},{"taxonomy":"product_tag","embeddable":true,"href":"https:\/\/julylovekits.com\/en\/wp-json\/wp\/v2\/product_tag?post=37716"}],"curies":[{"name":"wp","href":"https:\/\/api.w.org\/{rel}","templated":true}]}}