{"id":37735,"date":"2026-02-17T18:41:14","date_gmt":"2026-02-18T00:41:14","guid":{"rendered":"https:\/\/julylovekits.com\/product\/party-favor-mockups-58-mockups36-templates-in-canva\/"},"modified":"2026-02-17T18:41:14","modified_gmt":"2026-02-18T00:41:14","slug":"party-favor-mockups-58-mockups36-templates-in-canva","status":"publish","type":"product","link":"https:\/\/julylovekits.com\/en\/product\/party-favor-mockups-58-mockups36-templates-in-canva\/","title":{"rendered":"Party Favor Mockups 58 Mockups+36 Templates in Canva"},"content":{"rendered":"<h2>Turn Every Party into an Unforgettable Event<\/h2>\n<p>With 50 party favor templates, this package is perfect for anyone looking to personalize their events to the fullest. Designed in Canva, you&#8217;ll find editable templates for juice boxes, potato chip bags, and water bottles that will make your treats and party favors look better than ever. <\/p>\n<h2>Custom Templates for Every Need<\/h2>\n<p>This mega pack includes everything you need to help you create unique memories. From customizable plates to eye-catching designs, each file is carefully crafted to blend style and functionality. Perfect for event planners or creatives looking to make an impact.  <\/p>\n<h2>Perfect for Parties and Celebrations<\/h2>\n<p>Impress your guests with these unique and functional designs. Use the included mockups to see what your finished creations will look like, adding a professional touch to any celebration. Perfect for personalized party favors and gifts that stand out at birthday parties, weddings, or any special event.  <\/p>\n<p>&nbsp;<\/p>\n<p>This mega package includes:<\/p>\n<p>1) Cake box mockup<br \/>\n2) Badge mockup<br \/>\n3) Party cone hat mockup<br \/>\n4) Candy mockup<br \/>\n5) Candy wrapper mockup<br \/>\n6) Mini botella Bub*le<br \/>\n7) Maqueta de cupcake\/envoltorio\/adorno<br \/>\n8) Maqueta de vaso de 20 oz<br \/>\n9) Maqueta de botella de jugo<br \/>\n10) Maqueta de taza de caf\u00e9<br \/>\n11) Maqueta de botella de agua<br \/>\n12) Maqueta de etiqueta de Pring*le<br \/>\n13) Maqueta de anillo P*P<br \/>\n14) Maqueta de llavero<br \/>\n15) Maqueta de globo de aluminio<br \/>\n16) Maqueta de adorno para bolsa de golosinas<br \/>\n17) Maqueta de caja de crayones<br \/>\n18) Maqueta de vaso de 40 oz<br \/>\n19) Maqueta de lata de refresco<br \/>\n20) Maqueta de vaso de fiesta<br \/>\n21) Maqueta de barra Sn*cker<br \/>\n22) Maqueta de envoltorio de bocadillos de frutas Welch*es<br \/>\n23) Maqueta de envoltorio de cono de helado<br \/>\n24) Maqueta de bolsa de jugo<br \/>\n25) Maqueta de merienda de frutas Welch*es<br \/>\n26) Maqueta de barra de chocolate<br \/>\n27) Maqueta de Rice Kris*pies<br \/>\n28) Maqueta de tubo de caramelo<br \/>\n29) Maqueta de plato de papel<br \/>\n30) Maqueta de caja a dos aguas<br \/>\n31) Maqueta de paleta de caramelo<br \/>\n32) Maqueta de bolsa de regalo<br \/>\n33) Maqueta de fondo<br \/>\n34) Maqueta de caja de regalo AOP<br \/>\n35) Maqueta de bolsa con cord\u00f3n<br \/>\n36) Maqueta de caja de menta<br \/>\n37) Maqueta de bolsa de papas fritas<br \/>\n38) Maqueta de lata de Prin*gle Lebel<br \/>\n39) Maqueta de bolsa de golosinas<br \/>\n40) Maqueta de encendedor de gas<br \/>\n41) Maqueta de botella de vino<br \/>\n42) Maqueta de taza de caf\u00e9<br \/>\n43) Maqueta de insignia<br \/>\n44) Placa de espuma<\/p>\n<p>Maqueta de banderines para fiestas (6 formas diferentes)<\/p>\n<p>45) Pennant template 1<br \/>\n46) Pennant template 2<br \/>\n47) Pennant template 3<br \/>\n48) Pennant template 4<br \/>\n49) Pennant template 5<br \/>\n50) Pennant template 6<br \/>\n51) Pennant template 7<\/p>\n<p>&nbsp;<\/p>\n<p><strong>\ud83d\udccc Please note:<\/strong><br \/>\n<strong>\u2022 Este es solo un producto digital: no se enviar\u00e1n art\u00edculos f\u00edsicos.<\/strong><br \/>\n<strong>\u2022 Se requiere una cuenta de Canva (gratuita o Pro) para editar<\/strong><\/p>\n<p>&nbsp;<\/p>\n<p>&nbsp;<\/p>\n","protected":false},"excerpt":{"rendered":"<p>Turn Every Party into an Unforgettable Event With 50 party favor templates, this package is perfect for anyone looking to personalize their events to the fullest. Designed in Canva, you&#8217;ll find editable templates for juice boxes, potato chip bags, and water bottles that will make your treats and party favors look better than ever. Custom [&#8230;]\n","protected":false},"featured_media":35080,"comment_status":"open","ping_status":"closed","template":"","meta":[],"product_brand":[],"product_cat":[279],"product_tag":[318,319,317,320],"class_list":{"0":"post-37735","1":"product","2":"type-product","3":"status-publish","4":"has-post-thumbnail","6":"product_cat-canva-templates","7":"product_tag-bundle","8":"product_tag-canva","9":"product_tag-kit","10":"product_tag-tags","12":"first","13":"instock","14":"downloadable","15":"virtual","16":"purchasable","17":"product-type-simple"},"gallery_images":[35085,35081,35082,35083],"_links":{"self":[{"href":"https:\/\/julylovekits.com\/en\/wp-json\/wp\/v2\/product\/37735","targetHints":{"allow":["GET"]}}],"collection":[{"href":"https:\/\/julylovekits.com\/en\/wp-json\/wp\/v2\/product"}],"about":[{"href":"https:\/\/julylovekits.com\/en\/wp-json\/wp\/v2\/types\/product"}],"replies":[{"embeddable":true,"href":"https:\/\/julylovekits.com\/en\/wp-json\/wp\/v2\/comments?post=37735"}],"wp:featuredmedia":[{"embeddable":true,"href":"https:\/\/julylovekits.com\/en\/wp-json\/wp\/v2\/media\/35080"}],"wp:attachment":[{"href":"https:\/\/julylovekits.com\/en\/wp-json\/wp\/v2\/media?parent=37735"}],"wp:term":[{"taxonomy":"product_brand","embeddable":true,"href":"https:\/\/julylovekits.com\/en\/wp-json\/wp\/v2\/product_brand?post=37735"},{"taxonomy":"product_cat","embeddable":true,"href":"https:\/\/julylovekits.com\/en\/wp-json\/wp\/v2\/product_cat?post=37735"},{"taxonomy":"product_tag","embeddable":true,"href":"https:\/\/julylovekits.com\/en\/wp-json\/wp\/v2\/product_tag?post=37735"}],"curies":[{"name":"wp","href":"https:\/\/api.w.org\/{rel}","templated":true}]}}